{"id":348,"date":"2024-11-08T00:48:04","date_gmt":"2024-11-08T00:48:04","guid":{"rendered":"https:\/\/infosolarem.com\/?page_id=348"},"modified":"2024-11-08T02:00:32","modified_gmt":"2024-11-08T02:00:32","slug":"servicios-de-cuidado-de-paneles","status":"publish","type":"page","link":"https:\/\/infosolarem.com\/?page_id=348","title":{"rendered":"Servicios de Cuidado de Paneles"},"content":{"rendered":"\t\t<div data-elementor-type=\"wp-page\" data-elementor-id=\"348\" class=\"elementor elementor-348\" data-elementor-post-type=\"page\">\n\t\t\t\t<div class=\"elementor-element elementor-element-6437a349 e-flex e-con-boxed e-con e-parent\" data-id=\"6437a349\" data-element_type=\"container\" data-settings=\"{&quot;background_background&quot;:&quot;classic&quot;}\">\n\t\t\t\t\t<div class=\"e-con-inner\">\n\t\t<div class=\"elementor-element elementor-element-2bceb64 e-flex e-con-boxed e-con e-child\" data-id=\"2bceb64\" data-element_type=\"container\">\n\t\t\t\t\t<div class=\"e-con-inner\">\n\t\t\t\t<div class=\"elementor-element elementor-element-47a1ebff elementor-widget elementor-widget-heading\" data-id=\"47a1ebff\" data-element_type=\"widget\" data-widget_type=\"heading.default\">\n\t\t\t\t<div class=\"elementor-widget-container\">\n\t\t\t<h1 class=\"elementor-heading-title elementor-size-default\">Servicios de Cuidado de Paneles<\/h1>\t\t<\/div>\n\t\t\t\t<\/div>\n\t\t\t\t<div class=\"elementor-element elementor-element-5ad99236 elementor-widget elementor-widget-text-editor\" data-id=\"5ad99236\" data-element_type=\"widget\" data-widget_type=\"text-editor.default\">\n\t\t\t\t<div class=\"elementor-widget-container\">\n\t\t\t\t\t\t\t<p><a href=\"#\">inicio<\/a> &gt; Servicios<\/p>\t\t\t\t\t\t<\/div>\n\t\t\t\t<\/div>\n\t\t\t\t\t<\/div>\n\t\t\t\t<\/div>\n\t\t\t\t\t<\/div>\n\t\t\t\t<\/div>\n\t\t<div class=\"elementor-element elementor-element-245ba3c e-flex e-con-boxed e-con e-parent\" data-id=\"245ba3c\" data-element_type=\"container\">\n\t\t\t\t\t<div class=\"e-con-inner\">\n\t\t<div class=\"elementor-element elementor-element-640b381 e-con-full e-flex e-con e-child\" data-id=\"640b381\" data-element_type=\"container\">\n\t\t<div class=\"elementor-element elementor-element-bdbbfff e-flex e-con-boxed e-con e-child\" data-id=\"bdbbfff\" data-element_type=\"container\" data-settings=\"{&quot;background_background&quot;:&quot;classic&quot;}\">\n\t\t\t\t\t<div class=\"e-con-inner\">\n\t\t\t\t<div class=\"elementor-element elementor-element-bf735cc elementor-widget elementor-widget-heading\" data-id=\"bf735cc\" data-element_type=\"widget\" data-widget_type=\"heading.default\">\n\t\t\t\t<div class=\"elementor-widget-container\">\n\t\t\t<h5 class=\"elementor-heading-title elementor-size-default\">Servicios<\/h5>\t\t<\/div>\n\t\t\t\t<\/div>\n\t\t\t\t<div class=\"elementor-element elementor-element-ac97e55 elementor-align-justify elementor-widget elementor-widget-button\" data-id=\"ac97e55\" data-element_type=\"widget\" data-widget_type=\"button.default\">\n\t\t\t\t<div class=\"elementor-widget-container\">\n\t\t\t\t\t\t\t<div class=\"elementor-button-wrapper\">\n\t\t\t\t\t<a class=\"elementor-button elementor-button-link elementor-size-sm elementor-animation-grow\" href=\"https:\/\/infosolarem.com\/?page_id=150\">\n\t\t\t\t\t\t<span class=\"elementor-button-content-wrapper\">\n\t\t\t\t\t\t\t\t\t<span class=\"elementor-button-text\">Servicios de Paneles Solares<\/span>\n\t\t\t\t\t<\/span>\n\t\t\t\t\t<\/a>\n\t\t\t\t<\/div>\n\t\t\t\t\t\t<\/div>\n\t\t\t\t<\/div>\n\t\t\t\t<div class=\"elementor-element elementor-element-153e6e0 elementor-align-justify elementor-widget elementor-widget-button\" data-id=\"153e6e0\" data-element_type=\"widget\" data-widget_type=\"button.default\">\n\t\t\t\t<div class=\"elementor-widget-container\">\n\t\t\t\t\t\t\t<div class=\"elementor-button-wrapper\">\n\t\t\t\t\t<a class=\"elementor-button elementor-button-link elementor-size-sm elementor-animation-grow\" href=\"https:\/\/infosolarem.com\/?page_id=330\">\n\t\t\t\t\t\t<span class=\"elementor-button-content-wrapper\">\n\t\t\t\t\t\t\t\t\t<span class=\"elementor-button-text\">Servicios de Cuidado de Turbinas<\/span>\n\t\t\t\t\t<\/span>\n\t\t\t\t\t<\/a>\n\t\t\t\t<\/div>\n\t\t\t\t\t\t<\/div>\n\t\t\t\t<\/div>\n\t\t\t\t<div class=\"elementor-element elementor-element-3e81a30 elementor-align-justify elementor-widget elementor-widget-button\" data-id=\"3e81a30\" data-element_type=\"widget\" data-widget_type=\"button.default\">\n\t\t\t\t<div class=\"elementor-widget-container\">\n\t\t\t\t\t\t\t<div class=\"elementor-button-wrapper\">\n\t\t\t\t\t<a class=\"elementor-button elementor-button-link elementor-size-sm elementor-animation-grow\" href=\"https:\/\/infosolarem.com\/?page_id=338\">\n\t\t\t\t\t\t<span class=\"elementor-button-content-wrapper\">\n\t\t\t\t\t\t\t\t\t<span class=\"elementor-button-text\">Expertos en Energ\u00eda Hidroel\u00e9ctrica<\/span>\n\t\t\t\t\t<\/span>\n\t\t\t\t\t<\/a>\n\t\t\t\t<\/div>\n\t\t\t\t\t\t<\/div>\n\t\t\t\t<\/div>\n\t\t\t\t<div class=\"elementor-element elementor-element-6223b29 elementor-align-justify elementor-widget elementor-widget-button\" data-id=\"6223b29\" data-element_type=\"widget\" data-widget_type=\"button.default\">\n\t\t\t\t<div class=\"elementor-widget-container\">\n\t\t\t\t\t\t\t<div class=\"elementor-button-wrapper\">\n\t\t\t\t\t<a class=\"elementor-button elementor-button-link elementor-size-sm elementor-animation-grow\" href=\"https:\/\/infosolarem.com\/?page_id=343\">\n\t\t\t\t\t\t<span class=\"elementor-button-content-wrapper\">\n\t\t\t\t\t\t\t\t\t<span class=\"elementor-button-text\">Almacenamiento de Energ\u00eda Solar<\/span>\n\t\t\t\t\t<\/span>\n\t\t\t\t\t<\/a>\n\t\t\t\t<\/div>\n\t\t\t\t\t\t<\/div>\n\t\t\t\t<\/div>\n\t\t\t\t<div class=\"elementor-element elementor-element-673e627 elementor-align-justify elementor-widget elementor-widget-button\" data-id=\"673e627\" data-element_type=\"widget\" data-widget_type=\"button.default\">\n\t\t\t\t<div class=\"elementor-widget-container\">\n\t\t\t\t\t\t\t<div class=\"elementor-button-wrapper\">\n\t\t\t\t\t<a class=\"elementor-button elementor-button-link elementor-size-sm elementor-animation-grow\" href=\"https:\/\/infosolarem.com\/?page_id=348\">\n\t\t\t\t\t\t<span class=\"elementor-button-content-wrapper\">\n\t\t\t\t\t\t\t\t\t<span class=\"elementor-button-text\">Servicios de Cuidado de Paneles<\/span>\n\t\t\t\t\t<\/span>\n\t\t\t\t\t<\/a>\n\t\t\t\t<\/div>\n\t\t\t\t\t\t<\/div>\n\t\t\t\t<\/div>\n\t\t\t\t\t<\/div>\n\t\t\t\t<\/div>\n\t\t<div class=\"elementor-element elementor-element-a09b635 e-con-full e-flex e-con e-child\" data-id=\"a09b635\" data-element_type=\"container\" data-settings=\"{&quot;background_background&quot;:&quot;gradient&quot;}\">\n\t\t\t\t<div class=\"elementor-element elementor-element-f73afdc elementor-widget elementor-widget-heading\" data-id=\"f73afdc\" data-element_type=\"widget\" data-widget_type=\"heading.default\">\n\t\t\t\t<div class=\"elementor-widget-container\">\n\t\t\t<h5 class=\"elementor-heading-title elementor-size-default\">\u00bfTienes alguna pregunta?<\/h5>\t\t<\/div>\n\t\t\t\t<\/div>\n\t\t\t\t<div class=\"elementor-element elementor-element-5404720 elementor-widget elementor-widget-heading\" data-id=\"5404720\" data-element_type=\"widget\" data-widget_type=\"heading.default\">\n\t\t\t\t<div class=\"elementor-widget-container\">\n\t\t\t<h2 class=\"elementor-heading-title elementor-size-default\">556-907-9261<\/h2>\t\t<\/div>\n\t\t\t\t<\/div>\n\t\t\t\t<div class=\"elementor-element elementor-element-33d0f72 elementor-widget elementor-widget-heading\" data-id=\"33d0f72\" data-element_type=\"widget\" data-widget_type=\"heading.default\">\n\t\t\t\t<div class=\"elementor-widget-container\">\n\t\t\t<h3 class=\"elementor-heading-title elementor-size-default\">Ll\u00e1manos en cualquier momento<\/h3>\t\t<\/div>\n\t\t\t\t<\/div>\n\t\t\t\t<div class=\"elementor-element elementor-element-7e1b763 elementor-align-justify elementor-widget elementor-widget-button\" data-id=\"7e1b763\" data-element_type=\"widget\" data-widget_type=\"button.default\">\n\t\t\t\t<div class=\"elementor-widget-container\">\n\t\t\t\t\t\t\t<div class=\"elementor-button-wrapper\">\n\t\t\t\t\t<a class=\"elementor-button elementor-button-link elementor-size-sm elementor-animation-grow\" href=\"#\">\n\t\t\t\t\t\t<span class=\"elementor-button-content-wrapper\">\n\t\t\t\t\t\t\t\t\t<span class=\"elementor-button-text\">WhatsApp<\/span>\n\t\t\t\t\t<\/span>\n\t\t\t\t\t<\/a>\n\t\t\t\t<\/div>\n\t\t\t\t\t\t<\/div>\n\t\t\t\t<\/div>\n\t\t\t\t<\/div>\n\t\t\t\t<\/div>\n\t\t<div class=\"elementor-element elementor-element-0e9095a e-con-full e-flex e-con e-child\" data-id=\"0e9095a\" data-element_type=\"container\">\n\t\t\t\t<div class=\"elementor-element elementor-element-675bbc4 elementor-widget elementor-widget-image\" data-id=\"675bbc4\" data-element_type=\"widget\" data-widget_type=\"image.default\">\n\t\t\t\t<div class=\"elementor-widget-container\">\n\t\t\t\t\t\t\t\t\t\t\t\t\t<img fetchpriority=\"high\" decoding=\"async\" width=\"1920\" height=\"1280\" src=\"https:\/\/infosolarem.com\/wp-content\/uploads\/2024\/11\/solar-panel-installer-installing-solar-panels-on-r-2023-11-27-04-58-14-utc.jpg\" class=\"attachment-full size-full wp-image-26\" alt=\"\" srcset=\"https:\/\/infosolarem.com\/wp-content\/uploads\/2024\/11\/solar-panel-installer-installing-solar-panels-on-r-2023-11-27-04-58-14-utc.jpg 1920w, https:\/\/infosolarem.com\/wp-content\/uploads\/2024\/11\/solar-panel-installer-installing-solar-panels-on-r-2023-11-27-04-58-14-utc-300x200.jpg 300w, https:\/\/infosolarem.com\/wp-content\/uploads\/2024\/11\/solar-panel-installer-installing-solar-panels-on-r-2023-11-27-04-58-14-utc-1024x683.jpg 1024w, https:\/\/infosolarem.com\/wp-content\/uploads\/2024\/11\/solar-panel-installer-installing-solar-panels-on-r-2023-11-27-04-58-14-utc-768x512.jpg 768w, https:\/\/infosolarem.com\/wp-content\/uploads\/2024\/11\/solar-panel-installer-installing-solar-panels-on-r-2023-11-27-04-58-14-utc-1536x1024.jpg 1536w\" sizes=\"(max-width: 1920px) 100vw, 1920px\" \/>\t\t\t\t\t\t\t\t\t\t\t\t\t<\/div>\n\t\t\t\t<\/div>\n\t\t\t\t<div class=\"elementor-element elementor-element-c27c9b5 elementor-widget elementor-widget-heading\" data-id=\"c27c9b5\" data-element_type=\"widget\" data-widget_type=\"heading.default\">\n\t\t\t\t<div class=\"elementor-widget-container\">\n\t\t\t<h2 class=\"elementor-heading-title elementor-size-default\">Servicios de Paneles Solares<\/h2>\t\t<\/div>\n\t\t\t\t<\/div>\n\t\t\t\t<div class=\"elementor-element elementor-element-428049c elementor-widget elementor-widget-text-editor\" data-id=\"428049c\" data-element_type=\"widget\" data-widget_type=\"text-editor.default\">\n\t\t\t\t<div class=\"elementor-widget-container\">\n\t\t\t\t\t\t\t<p>Nuestros servicios de paneles solares est\u00e1n dise\u00f1ados para ofrecerte soluciones personalizadas y eficientes desde la instalaci\u00f3n hasta el mantenimiento. Nos destacamos por utilizar equipos de alta calidad y por contar con un equipo de t\u00e9cnicos especializados que optimizan cada instalaci\u00f3n para garantizar el m\u00e1ximo rendimiento y durabilidad. Nuestro enfoque no solo reduce tus costos de energ\u00eda, sino que tambi\u00e9n asegura un servicio confiable y a medida, convirti\u00e9ndonos en la mejor opci\u00f3n para quienes buscan aprovechar al m\u00e1ximo la energ\u00eda solar.<\/p>\t\t\t\t\t\t<\/div>\n\t\t\t\t<\/div>\n\t\t<div class=\"elementor-element elementor-element-a3599c4 e-con-full e-flex e-con e-child\" data-id=\"a3599c4\" data-element_type=\"container\">\n\t\t<div class=\"elementor-element elementor-element-63b2b70 e-con-full e-flex e-con e-child\" data-id=\"63b2b70\" data-element_type=\"container\">\n\t\t\t\t<div class=\"elementor-element elementor-element-81c68a8 elementor-widget elementor-widget-image\" data-id=\"81c68a8\" data-element_type=\"widget\" data-widget_type=\"image.default\">\n\t\t\t\t<div class=\"elementor-widget-container\">\n\t\t\t\t\t\t\t\t\t\t\t\t\t<img decoding=\"async\" width=\"1920\" height=\"1280\" src=\"https:\/\/infosolarem.com\/wp-content\/uploads\/2024\/11\/professional-engineer-technician-with-safety-helme-2023-11-27-04-59-22-utc.jpg\" class=\"attachment-full size-full wp-image-86\" alt=\"\" srcset=\"https:\/\/infosolarem.com\/wp-content\/uploads\/2024\/11\/professional-engineer-technician-with-safety-helme-2023-11-27-04-59-22-utc.jpg 1920w, https:\/\/infosolarem.com\/wp-content\/uploads\/2024\/11\/professional-engineer-technician-with-safety-helme-2023-11-27-04-59-22-utc-300x200.jpg 300w, https:\/\/infosolarem.com\/wp-content\/uploads\/2024\/11\/professional-engineer-technician-with-safety-helme-2023-11-27-04-59-22-utc-1024x683.jpg 1024w, https:\/\/infosolarem.com\/wp-content\/uploads\/2024\/11\/professional-engineer-technician-with-safety-helme-2023-11-27-04-59-22-utc-768x512.jpg 768w, https:\/\/infosolarem.com\/wp-content\/uploads\/2024\/11\/professional-engineer-technician-with-safety-helme-2023-11-27-04-59-22-utc-1536x1024.jpg 1536w\" sizes=\"(max-width: 1920px) 100vw, 1920px\" \/>\t\t\t\t\t\t\t\t\t\t\t\t\t<\/div>\n\t\t\t\t<\/div>\n\t\t\t\t<\/div>\n\t\t<div class=\"elementor-element elementor-element-6d59a91 e-con-full e-flex e-con e-child\" data-id=\"6d59a91\" data-element_type=\"container\">\n\t\t\t\t<div class=\"elementor-element elementor-element-919bf6f elementor-widget elementor-widget-heading\" data-id=\"919bf6f\" data-element_type=\"widget\" data-widget_type=\"heading.default\">\n\t\t\t\t<div class=\"elementor-widget-container\">\n\t\t\t<h4 class=\"elementor-heading-title elementor-size-default\">\u00bfPor qu\u00e9 elegirnos?<\/h4>\t\t<\/div>\n\t\t\t\t<\/div>\n\t\t\t\t<div class=\"elementor-element elementor-element-3f5ef18 elementor-widget elementor-widget-text-editor\" data-id=\"3f5ef18\" data-element_type=\"widget\" data-widget_type=\"text-editor.default\">\n\t\t\t\t<div class=\"elementor-widget-container\">\n\t\t\t\t\t\t\t<p>ofrecemos mucho m\u00e1s que un servicio de instalaci\u00f3n de paneles solares: brindamos soluciones completas que aseguran un ahorro real y un impacto positivo en el medio ambiente.<\/p>\t\t\t\t\t\t<\/div>\n\t\t\t\t<\/div>\n\t\t\t\t<div class=\"elementor-element elementor-element-3d0f792 elementor-icon-list--layout-traditional elementor-list-item-link-full_width elementor-widget elementor-widget-icon-list\" data-id=\"3d0f792\" data-element_type=\"widget\" data-widget_type=\"icon-list.default\">\n\t\t\t\t<div class=\"elementor-widget-container\">\n\t\t\t\t\t<ul class=\"elementor-icon-list-items\">\n\t\t\t\t\t\t\t<li class=\"elementor-icon-list-item\">\n\t\t\t\t\t\t\t\t\t\t\t<span class=\"elementor-icon-list-icon\">\n\t\t\t\t\t\t\t<svg aria-hidden=\"true\" class=\"e-font-icon-svg e-fas-check\" viewBox=\"0 0 512 512\" xmlns=\"http:\/\/www.w3.org\/2000\/svg\"><path d=\"M173.898 439.404l-166.4-166.4c-9.997-9.997-9.997-26.206 0-36.204l36.203-36.204c9.997-9.998 26.207-9.998 36.204 0L192 312.69 432.095 72.596c9.997-9.997 26.207-9.997 36.204 0l36.203 36.204c9.997 9.997 9.997 26.206 0 36.204l-294.4 294.401c-9.998 9.997-26.207 9.997-36.204-.001z\"><\/path><\/svg>\t\t\t\t\t\t<\/span>\n\t\t\t\t\t\t\t\t\t\t<span class=\"elementor-icon-list-text\">Soluciones completas y personalizadas<\/span>\n\t\t\t\t\t\t\t\t\t<\/li>\n\t\t\t\t\t\t\t\t<li class=\"elementor-icon-list-item\">\n\t\t\t\t\t\t\t\t\t\t\t<span class=\"elementor-icon-list-icon\">\n\t\t\t\t\t\t\t<svg aria-hidden=\"true\" class=\"e-font-icon-svg e-fas-check\" viewBox=\"0 0 512 512\" xmlns=\"http:\/\/www.w3.org\/2000\/svg\"><path d=\"M173.898 439.404l-166.4-166.4c-9.997-9.997-9.997-26.206 0-36.204l36.203-36.204c9.997-9.998 26.207-9.998 36.204 0L192 312.69 432.095 72.596c9.997-9.997 26.207-9.997 36.204 0l36.203 36.204c9.997 9.997 9.997 26.206 0 36.204l-294.4 294.401c-9.998 9.997-26.207 9.997-36.204-.001z\"><\/path><\/svg>\t\t\t\t\t\t<\/span>\n\t\t\t\t\t\t\t\t\t\t<span class=\"elementor-icon-list-text\">Equipo experto y comprometido<\/span>\n\t\t\t\t\t\t\t\t\t<\/li>\n\t\t\t\t\t\t\t\t<li class=\"elementor-icon-list-item\">\n\t\t\t\t\t\t\t\t\t\t\t<span class=\"elementor-icon-list-icon\">\n\t\t\t\t\t\t\t<svg aria-hidden=\"true\" class=\"e-font-icon-svg e-fas-check\" viewBox=\"0 0 512 512\" xmlns=\"http:\/\/www.w3.org\/2000\/svg\"><path d=\"M173.898 439.404l-166.4-166.4c-9.997-9.997-9.997-26.206 0-36.204l36.203-36.204c9.997-9.998 26.207-9.998 36.204 0L192 312.69 432.095 72.596c9.997-9.997 26.207-9.997 36.204 0l36.203 36.204c9.997 9.997 9.997 26.206 0 36.204l-294.4 294.401c-9.998 9.997-26.207 9.997-36.204-.001z\"><\/path><\/svg>\t\t\t\t\t\t<\/span>\n\t\t\t\t\t\t\t\t\t\t<span class=\"elementor-icon-list-text\">Tecnolog\u00eda de alta calidad<\/span>\n\t\t\t\t\t\t\t\t\t<\/li>\n\t\t\t\t\t\t\t\t<li class=\"elementor-icon-list-item\">\n\t\t\t\t\t\t\t\t\t\t\t<span class=\"elementor-icon-list-icon\">\n\t\t\t\t\t\t\t<svg aria-hidden=\"true\" class=\"e-font-icon-svg e-fas-check\" viewBox=\"0 0 512 512\" xmlns=\"http:\/\/www.w3.org\/2000\/svg\"><path d=\"M173.898 439.404l-166.4-166.4c-9.997-9.997-9.997-26.206 0-36.204l36.203-36.204c9.997-9.998 26.207-9.998 36.204 0L192 312.69 432.095 72.596c9.997-9.997 26.207-9.997 36.204 0l36.203 36.204c9.997 9.997 9.997 26.206 0 36.204l-294.4 294.401c-9.998 9.997-26.207 9.997-36.204-.001z\"><\/path><\/svg>\t\t\t\t\t\t<\/span>\n\t\t\t\t\t\t\t\t\t\t<span class=\"elementor-icon-list-text\">Ahorro real y cuidado del medio ambiente<\/span>\n\t\t\t\t\t\t\t\t\t<\/li>\n\t\t\t\t\t\t<\/ul>\n\t\t\t\t<\/div>\n\t\t\t\t<\/div>\n\t\t\t\t<\/div>\n\t\t\t\t<\/div>\n\t\t\t\t<div class=\"elementor-element elementor-element-3e037e7 elementor-widget elementor-widget-heading\" data-id=\"3e037e7\" data-element_type=\"widget\" data-widget_type=\"heading.default\">\n\t\t\t\t<div class=\"elementor-widget-container\">\n\t\t\t<h2 class=\"elementor-heading-title elementor-size-default\">Nuestras preguntas generales<\/h2>\t\t<\/div>\n\t\t\t\t<\/div>\n\t\t\t\t<div class=\"elementor-element elementor-element-3db4427 elementor-widget elementor-widget-text-editor\" data-id=\"3db4427\" data-element_type=\"widget\" data-widget_type=\"text-editor.default\">\n\t\t\t\t<div class=\"elementor-widget-container\">\n\t\t\t\t\t\t\t<p>Encuentra respuestas r\u00e1pidas a las dudas m\u00e1s comunes sobre nuestros servicios de energ\u00eda solar, instalaci\u00f3n y mantenimiento.<\/p>\t\t\t\t\t\t<\/div>\n\t\t\t\t<\/div>\n\t\t\t\t<div class=\"elementor-element elementor-element-4206728 elementor-widget elementor-widget-rkit-accordion\" data-id=\"4206728\" data-element_type=\"widget\" data-widget_type=\"rkit-accordion.default\">\n\t\t\t\t<div class=\"elementor-widget-container\">\n\t\t\t\n        <div class=\"rkit-accordion\">\n                            <div class=\"rkit-accordion-item open\">\n                    <div class=\"rkit-accordion-header\">\n                        <h4 class=\"rkit-accordion__title\">\n                            \u00bfQu\u00e9 mantenimiento requieren los paneles solares?                        <\/h4>\n                        <div class=\"rkit-accordion__icon\">\n                            <i aria-hidden=\"true\" class=\"icon_close rtmicon rtmicon-chevron-down\"><\/i>                            <i aria-hidden=\"true\" class=\"icon_open rtmicon rtmicon-chevron-up\"><\/i>                        <\/div>\n                    <\/div>\n                    <div class=\"rkit-accordion-content\">\n                        <div class=\"rkit-accordion__content\">\n                            <p>Los paneles solares requieren poco mantenimiento. Recomendamos una limpieza de polvo y suciedad cada seis meses para asegurar el rendimiento \u00f3ptimo, y nuestro equipo ofrece soporte en caso de que necesites ayuda.<\/p>                        <\/div>\n                    <\/div>\n                <\/div>\n                            <div class=\"rkit-accordion-item \">\n                    <div class=\"rkit-accordion-header\">\n                        <h4 class=\"rkit-accordion__title\">\n                            \u00bfCu\u00e1nto puedo ahorrar en mi factura de luz con paneles solares?                        <\/h4>\n                        <div class=\"rkit-accordion__icon\">\n                            <i aria-hidden=\"true\" class=\"icon_close rtmicon rtmicon-chevron-down\"><\/i>                            <i aria-hidden=\"true\" class=\"icon_open rtmicon rtmicon-chevron-up\"><\/i>                        <\/div>\n                    <\/div>\n                    <div class=\"rkit-accordion-content\">\n                        <div class=\"rkit-accordion__content\">\n                            <p>El ahorro depende de varios factores, como el tama\u00f1o de tu sistema y el consumo energ\u00e9tico, pero en promedio, los clientes reportan una reducci\u00f3n de entre un 60% y un 70% en sus facturas de electricidad.<\/p>                        <\/div>\n                    <\/div>\n                <\/div>\n                            <div class=\"rkit-accordion-item \">\n                    <div class=\"rkit-accordion-header\">\n                        <h4 class=\"rkit-accordion__title\">\n                            \u00bfCu\u00e1nto tiempo toma la instalaci\u00f3n de un sistema de paneles solares?                        <\/h4>\n                        <div class=\"rkit-accordion__icon\">\n                            <i aria-hidden=\"true\" class=\"icon_close rtmicon rtmicon-chevron-down\"><\/i>                            <i aria-hidden=\"true\" class=\"icon_open rtmicon rtmicon-chevron-up\"><\/i>                        <\/div>\n                    <\/div>\n                    <div class=\"rkit-accordion-content\">\n                        <div class=\"rkit-accordion__content\">\n                            <p>La instalaci\u00f3n generalmente se completa en uno o dos d\u00edas, dependiendo de la complejidad y el tama\u00f1o del sistema. Nos aseguramos de que el proceso sea r\u00e1pido y eficiente para que empieces a ahorrar de inmediato.<\/p>                        <\/div>\n                    <\/div>\n                <\/div>\n                            <div class=\"rkit-accordion-item \">\n                    <div class=\"rkit-accordion-header\">\n                        <h4 class=\"rkit-accordion__title\">\n                            \u00bfLos paneles solares funcionan en d\u00edas nublados o lluviosos?                        <\/h4>\n                        <div class=\"rkit-accordion__icon\">\n                            <i aria-hidden=\"true\" class=\"icon_close rtmicon rtmicon-chevron-down\"><\/i>                            <i aria-hidden=\"true\" class=\"icon_open rtmicon rtmicon-chevron-up\"><\/i>                        <\/div>\n                    <\/div>\n                    <div class=\"rkit-accordion-content\">\n                        <div class=\"rkit-accordion__content\">\n                            <p>La mayor\u00eda de los paneles solares tienen una vida \u00fatil de entre 25 y 30 a\u00f1os. Ofrecemos garant\u00eda para asegurar la inversi\u00f3n y la tranquilidad de nuestros clientes.<\/p>                        <\/div>\n                    <\/div>\n                <\/div>\n                            <div class=\"rkit-accordion-item \">\n                    <div class=\"rkit-accordion-header\">\n                        <h4 class=\"rkit-accordion__title\">\n                            \u00bfEs posible financiar la instalaci\u00f3n de los paneles solares?                        <\/h4>\n                        <div class=\"rkit-accordion__icon\">\n                            <i aria-hidden=\"true\" class=\"icon_close rtmicon rtmicon-chevron-down\"><\/i>                            <i aria-hidden=\"true\" class=\"icon_open rtmicon rtmicon-chevron-up\"><\/i>                        <\/div>\n                    <\/div>\n                    <div class=\"rkit-accordion-content\">\n                        <div class=\"rkit-accordion__content\">\n                            <p>S\u00ed, trabajamos con diversas opciones de financiamiento que permiten a nuestros clientes acceder a energ\u00eda solar de manera asequible y pagar en cuotas c\u00f3modas.<\/p>                        <\/div>\n                    <\/div>\n                <\/div>\n                    <\/div>\n\n\t\t<\/div>\n\t\t\t\t<\/div>\n\t\t\t\t<\/div>\n\t\t\t\t\t<\/div>\n\t\t\t\t<\/div>\n\t\t\t\t<\/div>\n\t\t","protected":false},"excerpt":{"rendered":"<p>Servicios de Cuidado de Paneles inicio &gt; Servicios Servicios Servicios de Paneles Solares Servicios de Cuidado de Turbinas Expertos en Energ\u00eda Hidroel\u00e9ctrica Almacenamiento de Energ\u00eda Solar Servicios de Cuidado de Paneles \u00bfTienes alguna pregunta? 556-907-9261 Ll\u00e1manos en cualquier momento WhatsApp Servicios de Paneles Solares Nuestros servicios de paneles solares est\u00e1n dise\u00f1ados para ofrecerte soluciones personalizadas [&hellip;]<\/p>\n","protected":false},"author":1,"featured_media":0,"parent":0,"menu_order":0,"comment_status":"closed","ping_status":"closed","template":"elementor_header_footer","meta":{"footnotes":""},"class_list":["post-348","page","type-page","status-publish","hentry"],"_links":{"self":[{"href":"https:\/\/infosolarem.com\/index.php?rest_route=\/wp\/v2\/pages\/348","targetHints":{"allow":["GET"]}}],"collection":[{"href":"https:\/\/infosolarem.com\/index.php?rest_route=\/wp\/v2\/pages"}],"about":[{"href":"https:\/\/infosolarem.com\/index.php?rest_route=\/wp\/v2\/types\/page"}],"author":[{"embeddable":true,"href":"https:\/\/infosolarem.com\/index.php?rest_route=\/wp\/v2\/users\/1"}],"replies":[{"embeddable":true,"href":"https:\/\/infosolarem.com\/index.php?rest_route=%2Fwp%2Fv2%2Fcomments&post=348"}],"version-history":[{"count":16,"href":"https:\/\/infosolarem.com\/index.php?rest_route=\/wp\/v2\/pages\/348\/revisions"}],"predecessor-version":[{"id":447,"href":"https:\/\/infosolarem.com\/index.php?rest_route=\/wp\/v2\/pages\/348\/revisions\/447"}],"wp:attachment":[{"href":"https:\/\/infosolarem.com\/index.php?rest_route=%2Fwp%2Fv2%2Fmedia&parent=348"}],"curies":[{"name":"wp","href":"https:\/\/api.w.org\/{rel}","templated":true}]}}