{"id":343,"date":"2024-11-08T00:47:08","date_gmt":"2024-11-08T00:47:08","guid":{"rendered":"https:\/\/infosolarem.com\/?page_id=343"},"modified":"2024-11-08T01:57:42","modified_gmt":"2024-11-08T01:57:42","slug":"almacenamiento-de-energia-solar","status":"publish","type":"page","link":"https:\/\/infosolarem.com\/?page_id=343","title":{"rendered":"Almacenamiento de Energ\u00eda Solar"},"content":{"rendered":"\t\t<div data-elementor-type=\"wp-page\" data-elementor-id=\"343\" class=\"elementor elementor-343\" data-elementor-post-type=\"page\">\n\t\t\t\t<div class=\"elementor-element elementor-element-119f616c e-flex e-con-boxed e-con e-parent\" data-id=\"119f616c\" data-element_type=\"container\" data-settings=\"{&quot;background_background&quot;:&quot;classic&quot;}\">\n\t\t\t\t\t<div class=\"e-con-inner\">\n\t\t<div class=\"elementor-element elementor-element-447470d4 e-flex e-con-boxed e-con e-child\" data-id=\"447470d4\" data-element_type=\"container\">\n\t\t\t\t\t<div class=\"e-con-inner\">\n\t\t\t\t<div class=\"elementor-element elementor-element-9abacfe elementor-widget elementor-widget-heading\" data-id=\"9abacfe\" data-element_type=\"widget\" data-widget_type=\"heading.default\">\n\t\t\t\t<div class=\"elementor-widget-container\">\n\t\t\t<h1 class=\"elementor-heading-title elementor-size-default\">Almacenamiento de Energ\u00eda Solar<\/h1>\t\t<\/div>\n\t\t\t\t<\/div>\n\t\t\t\t<div class=\"elementor-element elementor-element-5073ca47 elementor-widget elementor-widget-text-editor\" data-id=\"5073ca47\" data-element_type=\"widget\" data-widget_type=\"text-editor.default\">\n\t\t\t\t<div class=\"elementor-widget-container\">\n\t\t\t\t\t\t\t<p><a href=\"#\">inicio<\/a> &gt; Servicios<\/p>\t\t\t\t\t\t<\/div>\n\t\t\t\t<\/div>\n\t\t\t\t\t<\/div>\n\t\t\t\t<\/div>\n\t\t\t\t\t<\/div>\n\t\t\t\t<\/div>\n\t\t<div class=\"elementor-element elementor-element-7bbaf32 e-flex e-con-boxed e-con e-parent\" data-id=\"7bbaf32\" data-element_type=\"container\">\n\t\t\t\t\t<div class=\"e-con-inner\">\n\t\t<div class=\"elementor-element elementor-element-f184541 e-con-full e-flex e-con e-child\" data-id=\"f184541\" data-element_type=\"container\">\n\t\t<div class=\"elementor-element elementor-element-b17e9a7 e-con-full e-flex e-con e-child\" data-id=\"b17e9a7\" data-element_type=\"container\" data-settings=\"{&quot;background_background&quot;:&quot;classic&quot;}\">\n\t\t\t\t<div class=\"elementor-element elementor-element-5ee9623 elementor-widget elementor-widget-heading\" data-id=\"5ee9623\" data-element_type=\"widget\" data-widget_type=\"heading.default\">\n\t\t\t\t<div class=\"elementor-widget-container\">\n\t\t\t<h5 class=\"elementor-heading-title elementor-size-default\">Servicios<\/h5>\t\t<\/div>\n\t\t\t\t<\/div>\n\t\t\t\t<div class=\"elementor-element elementor-element-ee0a320 elementor-align-justify elementor-widget elementor-widget-button\" data-id=\"ee0a320\" data-element_type=\"widget\" data-widget_type=\"button.default\">\n\t\t\t\t<div class=\"elementor-widget-container\">\n\t\t\t\t\t\t\t<div class=\"elementor-button-wrapper\">\n\t\t\t\t\t<a class=\"elementor-button elementor-button-link elementor-size-sm elementor-animation-grow\" href=\"https:\/\/infosolarem.com\/?page_id=150\">\n\t\t\t\t\t\t<span class=\"elementor-button-content-wrapper\">\n\t\t\t\t\t\t\t\t\t<span class=\"elementor-button-text\">Servicios de Paneles Solares<\/span>\n\t\t\t\t\t<\/span>\n\t\t\t\t\t<\/a>\n\t\t\t\t<\/div>\n\t\t\t\t\t\t<\/div>\n\t\t\t\t<\/div>\n\t\t\t\t<div class=\"elementor-element elementor-element-c13c22e elementor-align-justify elementor-widget elementor-widget-button\" data-id=\"c13c22e\" data-element_type=\"widget\" data-widget_type=\"button.default\">\n\t\t\t\t<div class=\"elementor-widget-container\">\n\t\t\t\t\t\t\t<div class=\"elementor-button-wrapper\">\n\t\t\t\t\t<a class=\"elementor-button elementor-button-link elementor-size-sm elementor-animation-grow\" href=\"https:\/\/infosolarem.com\/?page_id=330\">\n\t\t\t\t\t\t<span class=\"elementor-button-content-wrapper\">\n\t\t\t\t\t\t\t\t\t<span class=\"elementor-button-text\">Servicios de Cuidado de Turbinas<\/span>\n\t\t\t\t\t<\/span>\n\t\t\t\t\t<\/a>\n\t\t\t\t<\/div>\n\t\t\t\t\t\t<\/div>\n\t\t\t\t<\/div>\n\t\t\t\t<div class=\"elementor-element elementor-element-5c7b86e elementor-align-justify elementor-widget elementor-widget-button\" data-id=\"5c7b86e\" data-element_type=\"widget\" data-widget_type=\"button.default\">\n\t\t\t\t<div class=\"elementor-widget-container\">\n\t\t\t\t\t\t\t<div class=\"elementor-button-wrapper\">\n\t\t\t\t\t<a class=\"elementor-button elementor-button-link elementor-size-sm elementor-animation-grow\" href=\"https:\/\/infosolarem.com\/?page_id=338\">\n\t\t\t\t\t\t<span class=\"elementor-button-content-wrapper\">\n\t\t\t\t\t\t\t\t\t<span class=\"elementor-button-text\">Expertos en Energ\u00eda Hidroel\u00e9ctrica<\/span>\n\t\t\t\t\t<\/span>\n\t\t\t\t\t<\/a>\n\t\t\t\t<\/div>\n\t\t\t\t\t\t<\/div>\n\t\t\t\t<\/div>\n\t\t\t\t<div class=\"elementor-element elementor-element-0fefdd2 elementor-align-justify elementor-widget elementor-widget-button\" data-id=\"0fefdd2\" data-element_type=\"widget\" data-widget_type=\"button.default\">\n\t\t\t\t<div class=\"elementor-widget-container\">\n\t\t\t\t\t\t\t<div class=\"elementor-button-wrapper\">\n\t\t\t\t\t<a class=\"elementor-button elementor-button-link elementor-size-sm elementor-animation-grow\" href=\"https:\/\/infosolarem.com\/?page_id=343\">\n\t\t\t\t\t\t<span class=\"elementor-button-content-wrapper\">\n\t\t\t\t\t\t\t\t\t<span class=\"elementor-button-text\">Almacenamiento de Energ\u00eda Solar<\/span>\n\t\t\t\t\t<\/span>\n\t\t\t\t\t<\/a>\n\t\t\t\t<\/div>\n\t\t\t\t\t\t<\/div>\n\t\t\t\t<\/div>\n\t\t\t\t<div class=\"elementor-element elementor-element-d9107d1 elementor-align-justify elementor-widget elementor-widget-button\" data-id=\"d9107d1\" data-element_type=\"widget\" data-widget_type=\"button.default\">\n\t\t\t\t<div class=\"elementor-widget-container\">\n\t\t\t\t\t\t\t<div class=\"elementor-button-wrapper\">\n\t\t\t\t\t<a class=\"elementor-button elementor-button-link elementor-size-sm elementor-animation-grow\" href=\"https:\/\/infosolarem.com\/?page_id=348\">\n\t\t\t\t\t\t<span class=\"elementor-button-content-wrapper\">\n\t\t\t\t\t\t\t\t\t<span class=\"elementor-button-text\">Servicios de Cuidado de Paneles<\/span>\n\t\t\t\t\t<\/span>\n\t\t\t\t\t<\/a>\n\t\t\t\t<\/div>\n\t\t\t\t\t\t<\/div>\n\t\t\t\t<\/div>\n\t\t\t\t<\/div>\n\t\t<div class=\"elementor-element elementor-element-6c36dca e-con-full e-flex e-con e-child\" data-id=\"6c36dca\" data-element_type=\"container\" data-settings=\"{&quot;background_background&quot;:&quot;gradient&quot;}\">\n\t\t\t\t<div class=\"elementor-element elementor-element-00e613d elementor-widget elementor-widget-heading\" data-id=\"00e613d\" data-element_type=\"widget\" data-widget_type=\"heading.default\">\n\t\t\t\t<div class=\"elementor-widget-container\">\n\t\t\t<h5 class=\"elementor-heading-title elementor-size-default\">\u00bfTienes alguna pregunta?<\/h5>\t\t<\/div>\n\t\t\t\t<\/div>\n\t\t\t\t<div class=\"elementor-element elementor-element-b708d7b elementor-widget elementor-widget-heading\" data-id=\"b708d7b\" data-element_type=\"widget\" data-widget_type=\"heading.default\">\n\t\t\t\t<div class=\"elementor-widget-container\">\n\t\t\t<h2 class=\"elementor-heading-title elementor-size-default\">556-907-9261<\/h2>\t\t<\/div>\n\t\t\t\t<\/div>\n\t\t\t\t<div class=\"elementor-element elementor-element-b352be0 elementor-widget elementor-widget-heading\" data-id=\"b352be0\" data-element_type=\"widget\" data-widget_type=\"heading.default\">\n\t\t\t\t<div class=\"elementor-widget-container\">\n\t\t\t<h3 class=\"elementor-heading-title elementor-size-default\">Ll\u00e1manos en cualquier momento<\/h3>\t\t<\/div>\n\t\t\t\t<\/div>\n\t\t\t\t<div class=\"elementor-element elementor-element-509f1ca elementor-align-justify elementor-widget elementor-widget-button\" data-id=\"509f1ca\" data-element_type=\"widget\" data-widget_type=\"button.default\">\n\t\t\t\t<div class=\"elementor-widget-container\">\n\t\t\t\t\t\t\t<div class=\"elementor-button-wrapper\">\n\t\t\t\t\t<a class=\"elementor-button elementor-button-link elementor-size-sm elementor-animation-grow\" href=\"#\">\n\t\t\t\t\t\t<span class=\"elementor-button-content-wrapper\">\n\t\t\t\t\t\t\t\t\t<span class=\"elementor-button-text\">WhatsApp<\/span>\n\t\t\t\t\t<\/span>\n\t\t\t\t\t<\/a>\n\t\t\t\t<\/div>\n\t\t\t\t\t\t<\/div>\n\t\t\t\t<\/div>\n\t\t\t\t<\/div>\n\t\t\t\t<\/div>\n\t\t<div class=\"elementor-element elementor-element-663f358 e-con-full e-flex e-con e-child\" data-id=\"663f358\" data-element_type=\"container\">\n\t\t\t\t<div class=\"elementor-element elementor-element-a465cc8 elementor-widget elementor-widget-image\" data-id=\"a465cc8\" data-element_type=\"widget\" data-widget_type=\"image.default\">\n\t\t\t\t<div class=\"elementor-widget-container\">\n\t\t\t\t\t\t\t\t\t\t\t\t\t<img fetchpriority=\"high\" decoding=\"async\" width=\"1920\" height=\"1280\" src=\"https:\/\/infosolarem.com\/wp-content\/uploads\/2024\/11\/solar-panel-installer-installing-solar-panels-on-r-2023-11-27-04-58-14-utc.jpg\" class=\"attachment-full size-full wp-image-26\" alt=\"\" srcset=\"https:\/\/infosolarem.com\/wp-content\/uploads\/2024\/11\/solar-panel-installer-installing-solar-panels-on-r-2023-11-27-04-58-14-utc.jpg 1920w, https:\/\/infosolarem.com\/wp-content\/uploads\/2024\/11\/solar-panel-installer-installing-solar-panels-on-r-2023-11-27-04-58-14-utc-300x200.jpg 300w, https:\/\/infosolarem.com\/wp-content\/uploads\/2024\/11\/solar-panel-installer-installing-solar-panels-on-r-2023-11-27-04-58-14-utc-1024x683.jpg 1024w, https:\/\/infosolarem.com\/wp-content\/uploads\/2024\/11\/solar-panel-installer-installing-solar-panels-on-r-2023-11-27-04-58-14-utc-768x512.jpg 768w, https:\/\/infosolarem.com\/wp-content\/uploads\/2024\/11\/solar-panel-installer-installing-solar-panels-on-r-2023-11-27-04-58-14-utc-1536x1024.jpg 1536w\" sizes=\"(max-width: 1920px) 100vw, 1920px\" \/>\t\t\t\t\t\t\t\t\t\t\t\t\t<\/div>\n\t\t\t\t<\/div>\n\t\t\t\t<div class=\"elementor-element elementor-element-4dcc611 elementor-widget elementor-widget-heading\" data-id=\"4dcc611\" data-element_type=\"widget\" data-widget_type=\"heading.default\">\n\t\t\t\t<div class=\"elementor-widget-container\">\n\t\t\t<h2 class=\"elementor-heading-title elementor-size-default\">Almacenamiento de Energ\u00eda Solar<\/h2>\t\t<\/div>\n\t\t\t\t<\/div>\n\t\t\t\t<div class=\"elementor-element elementor-element-716b013 elementor-widget elementor-widget-text-editor\" data-id=\"716b013\" data-element_type=\"widget\" data-widget_type=\"text-editor.default\">\n\t\t\t\t<div class=\"elementor-widget-container\">\n\t\t\t\t\t\t\t<p>En <strong>Infosolarem<\/strong>, ofrecemos soluciones avanzadas en Almacenamiento de Energ\u00eda Solar que te permiten aprovechar al m\u00e1ximo cada rayo de sol, incluso cuando el sol se ha puesto. Nuestros sistemas de almacenamiento est\u00e1n dise\u00f1ados para brindar autonom\u00eda y seguridad, asegurando que siempre tengas energ\u00eda disponible cuando m\u00e1s la necesitas. Con tecnolog\u00edas de \u00faltima generaci\u00f3n y una instalaci\u00f3n experta, te ayudamos a reducir tu dependencia de la red el\u00e9ctrica y a optimizar el uso de tu propia energ\u00eda. \u00a1Conf\u00eda en nosotros para almacenar tu energ\u00eda de manera eficiente y confiable!<\/p>\t\t\t\t\t\t<\/div>\n\t\t\t\t<\/div>\n\t\t<div class=\"elementor-element elementor-element-8ea1a76 e-con-full e-flex e-con e-child\" data-id=\"8ea1a76\" data-element_type=\"container\">\n\t\t<div class=\"elementor-element elementor-element-9ed988c e-con-full e-flex e-con e-child\" data-id=\"9ed988c\" data-element_type=\"container\">\n\t\t\t\t<div class=\"elementor-element elementor-element-d95db19 elementor-widget elementor-widget-image\" data-id=\"d95db19\" data-element_type=\"widget\" data-widget_type=\"image.default\">\n\t\t\t\t<div class=\"elementor-widget-container\">\n\t\t\t\t\t\t\t\t\t\t\t\t\t<img decoding=\"async\" width=\"1920\" height=\"1280\" src=\"https:\/\/infosolarem.com\/wp-content\/uploads\/2024\/11\/professional-engineer-technician-with-safety-helme-2023-11-27-04-59-22-utc.jpg\" class=\"attachment-full size-full wp-image-86\" alt=\"\" srcset=\"https:\/\/infosolarem.com\/wp-content\/uploads\/2024\/11\/professional-engineer-technician-with-safety-helme-2023-11-27-04-59-22-utc.jpg 1920w, https:\/\/infosolarem.com\/wp-content\/uploads\/2024\/11\/professional-engineer-technician-with-safety-helme-2023-11-27-04-59-22-utc-300x200.jpg 300w, https:\/\/infosolarem.com\/wp-content\/uploads\/2024\/11\/professional-engineer-technician-with-safety-helme-2023-11-27-04-59-22-utc-1024x683.jpg 1024w, https:\/\/infosolarem.com\/wp-content\/uploads\/2024\/11\/professional-engineer-technician-with-safety-helme-2023-11-27-04-59-22-utc-768x512.jpg 768w, https:\/\/infosolarem.com\/wp-content\/uploads\/2024\/11\/professional-engineer-technician-with-safety-helme-2023-11-27-04-59-22-utc-1536x1024.jpg 1536w\" sizes=\"(max-width: 1920px) 100vw, 1920px\" \/>\t\t\t\t\t\t\t\t\t\t\t\t\t<\/div>\n\t\t\t\t<\/div>\n\t\t\t\t<\/div>\n\t\t<div class=\"elementor-element elementor-element-351a82e e-con-full e-flex e-con e-child\" data-id=\"351a82e\" data-element_type=\"container\">\n\t\t\t\t<div class=\"elementor-element elementor-element-6bf80d0 elementor-widget elementor-widget-heading\" data-id=\"6bf80d0\" data-element_type=\"widget\" data-widget_type=\"heading.default\">\n\t\t\t\t<div class=\"elementor-widget-container\">\n\t\t\t<h4 class=\"elementor-heading-title elementor-size-default\">\u00bfPor qu\u00e9 elegirnos?<\/h4>\t\t<\/div>\n\t\t\t\t<\/div>\n\t\t\t\t<div class=\"elementor-element elementor-element-f8acd14 elementor-widget elementor-widget-text-editor\" data-id=\"f8acd14\" data-element_type=\"widget\" data-widget_type=\"text-editor.default\">\n\t\t\t\t<div class=\"elementor-widget-container\">\n\t\t\t\t\t\t\t<p>ofrecemos mucho m\u00e1s que un servicio de instalaci\u00f3n de paneles solares: brindamos soluciones completas que aseguran un ahorro real y un impacto positivo en el medio ambiente.<\/p>\t\t\t\t\t\t<\/div>\n\t\t\t\t<\/div>\n\t\t\t\t<div class=\"elementor-element elementor-element-51e7c38 elementor-icon-list--layout-traditional elementor-list-item-link-full_width elementor-widget elementor-widget-icon-list\" data-id=\"51e7c38\" data-element_type=\"widget\" data-widget_type=\"icon-list.default\">\n\t\t\t\t<div class=\"elementor-widget-container\">\n\t\t\t\t\t<ul class=\"elementor-icon-list-items\">\n\t\t\t\t\t\t\t<li class=\"elementor-icon-list-item\">\n\t\t\t\t\t\t\t\t\t\t\t<span class=\"elementor-icon-list-icon\">\n\t\t\t\t\t\t\t<svg aria-hidden=\"true\" class=\"e-font-icon-svg e-fas-check\" viewBox=\"0 0 512 512\" xmlns=\"http:\/\/www.w3.org\/2000\/svg\"><path d=\"M173.898 439.404l-166.4-166.4c-9.997-9.997-9.997-26.206 0-36.204l36.203-36.204c9.997-9.998 26.207-9.998 36.204 0L192 312.69 432.095 72.596c9.997-9.997 26.207-9.997 36.204 0l36.203 36.204c9.997 9.997 9.997 26.206 0 36.204l-294.4 294.401c-9.998 9.997-26.207 9.997-36.204-.001z\"><\/path><\/svg>\t\t\t\t\t\t<\/span>\n\t\t\t\t\t\t\t\t\t\t<span class=\"elementor-icon-list-text\">Soluciones completas y personalizadas<\/span>\n\t\t\t\t\t\t\t\t\t<\/li>\n\t\t\t\t\t\t\t\t<li class=\"elementor-icon-list-item\">\n\t\t\t\t\t\t\t\t\t\t\t<span class=\"elementor-icon-list-icon\">\n\t\t\t\t\t\t\t<svg aria-hidden=\"true\" class=\"e-font-icon-svg e-fas-check\" viewBox=\"0 0 512 512\" xmlns=\"http:\/\/www.w3.org\/2000\/svg\"><path d=\"M173.898 439.404l-166.4-166.4c-9.997-9.997-9.997-26.206 0-36.204l36.203-36.204c9.997-9.998 26.207-9.998 36.204 0L192 312.69 432.095 72.596c9.997-9.997 26.207-9.997 36.204 0l36.203 36.204c9.997 9.997 9.997 26.206 0 36.204l-294.4 294.401c-9.998 9.997-26.207 9.997-36.204-.001z\"><\/path><\/svg>\t\t\t\t\t\t<\/span>\n\t\t\t\t\t\t\t\t\t\t<span class=\"elementor-icon-list-text\">Equipo experto y comprometido<\/span>\n\t\t\t\t\t\t\t\t\t<\/li>\n\t\t\t\t\t\t\t\t<li class=\"elementor-icon-list-item\">\n\t\t\t\t\t\t\t\t\t\t\t<span class=\"elementor-icon-list-icon\">\n\t\t\t\t\t\t\t<svg aria-hidden=\"true\" class=\"e-font-icon-svg e-fas-check\" viewBox=\"0 0 512 512\" xmlns=\"http:\/\/www.w3.org\/2000\/svg\"><path d=\"M173.898 439.404l-166.4-166.4c-9.997-9.997-9.997-26.206 0-36.204l36.203-36.204c9.997-9.998 26.207-9.998 36.204 0L192 312.69 432.095 72.596c9.997-9.997 26.207-9.997 36.204 0l36.203 36.204c9.997 9.997 9.997 26.206 0 36.204l-294.4 294.401c-9.998 9.997-26.207 9.997-36.204-.001z\"><\/path><\/svg>\t\t\t\t\t\t<\/span>\n\t\t\t\t\t\t\t\t\t\t<span class=\"elementor-icon-list-text\">Tecnolog\u00eda de alta calidad<\/span>\n\t\t\t\t\t\t\t\t\t<\/li>\n\t\t\t\t\t\t\t\t<li class=\"elementor-icon-list-item\">\n\t\t\t\t\t\t\t\t\t\t\t<span class=\"elementor-icon-list-icon\">\n\t\t\t\t\t\t\t<svg aria-hidden=\"true\" class=\"e-font-icon-svg e-fas-check\" viewBox=\"0 0 512 512\" xmlns=\"http:\/\/www.w3.org\/2000\/svg\"><path d=\"M173.898 439.404l-166.4-166.4c-9.997-9.997-9.997-26.206 0-36.204l36.203-36.204c9.997-9.998 26.207-9.998 36.204 0L192 312.69 432.095 72.596c9.997-9.997 26.207-9.997 36.204 0l36.203 36.204c9.997 9.997 9.997 26.206 0 36.204l-294.4 294.401c-9.998 9.997-26.207 9.997-36.204-.001z\"><\/path><\/svg>\t\t\t\t\t\t<\/span>\n\t\t\t\t\t\t\t\t\t\t<span class=\"elementor-icon-list-text\">Ahorro real y cuidado del medio ambiente<\/span>\n\t\t\t\t\t\t\t\t\t<\/li>\n\t\t\t\t\t\t<\/ul>\n\t\t\t\t<\/div>\n\t\t\t\t<\/div>\n\t\t\t\t<\/div>\n\t\t\t\t<\/div>\n\t\t\t\t<div class=\"elementor-element elementor-element-66d7079 elementor-widget elementor-widget-heading\" data-id=\"66d7079\" data-element_type=\"widget\" data-widget_type=\"heading.default\">\n\t\t\t\t<div class=\"elementor-widget-container\">\n\t\t\t<h2 class=\"elementor-heading-title elementor-size-default\">Nuestras preguntas generales<\/h2>\t\t<\/div>\n\t\t\t\t<\/div>\n\t\t\t\t<div class=\"elementor-element elementor-element-297b8e3 elementor-widget elementor-widget-text-editor\" data-id=\"297b8e3\" data-element_type=\"widget\" data-widget_type=\"text-editor.default\">\n\t\t\t\t<div class=\"elementor-widget-container\">\n\t\t\t\t\t\t\t<p>Encuentra respuestas r\u00e1pidas a las dudas m\u00e1s comunes sobre nuestros servicios de energ\u00eda solar, instalaci\u00f3n y mantenimiento.<\/p>\t\t\t\t\t\t<\/div>\n\t\t\t\t<\/div>\n\t\t\t\t<div class=\"elementor-element elementor-element-474cd01 elementor-widget elementor-widget-rkit-accordion\" data-id=\"474cd01\" data-element_type=\"widget\" data-widget_type=\"rkit-accordion.default\">\n\t\t\t\t<div class=\"elementor-widget-container\">\n\t\t\t\n        <div class=\"rkit-accordion\">\n                            <div class=\"rkit-accordion-item open\">\n                    <div class=\"rkit-accordion-header\">\n                        <h4 class=\"rkit-accordion__title\">\n                            \u00bfQu\u00e9 mantenimiento requieren los paneles solares?                        <\/h4>\n                        <div class=\"rkit-accordion__icon\">\n                            <i aria-hidden=\"true\" class=\"icon_close rtmicon rtmicon-chevron-down\"><\/i>                            <i aria-hidden=\"true\" class=\"icon_open rtmicon rtmicon-chevron-up\"><\/i>                        <\/div>\n                    <\/div>\n                    <div class=\"rkit-accordion-content\">\n                        <div class=\"rkit-accordion__content\">\n                            <p>Los paneles solares requieren poco mantenimiento. Recomendamos una limpieza de polvo y suciedad cada seis meses para asegurar el rendimiento \u00f3ptimo, y nuestro equipo ofrece soporte en caso de que necesites ayuda.<\/p>                        <\/div>\n                    <\/div>\n                <\/div>\n                            <div class=\"rkit-accordion-item \">\n                    <div class=\"rkit-accordion-header\">\n                        <h4 class=\"rkit-accordion__title\">\n                            \u00bfCu\u00e1nto puedo ahorrar en mi factura de luz con paneles solares?                        <\/h4>\n                        <div class=\"rkit-accordion__icon\">\n                            <i aria-hidden=\"true\" class=\"icon_close rtmicon rtmicon-chevron-down\"><\/i>                            <i aria-hidden=\"true\" class=\"icon_open rtmicon rtmicon-chevron-up\"><\/i>                        <\/div>\n                    <\/div>\n                    <div class=\"rkit-accordion-content\">\n                        <div class=\"rkit-accordion__content\">\n                            <p>El ahorro depende de varios factores, como el tama\u00f1o de tu sistema y el consumo energ\u00e9tico, pero en promedio, los clientes reportan una reducci\u00f3n de entre un 60% y un 70% en sus facturas de electricidad.<\/p>                        <\/div>\n                    <\/div>\n                <\/div>\n                            <div class=\"rkit-accordion-item \">\n                    <div class=\"rkit-accordion-header\">\n                        <h4 class=\"rkit-accordion__title\">\n                            \u00bfCu\u00e1nto tiempo toma la instalaci\u00f3n de un sistema de paneles solares?                        <\/h4>\n                        <div class=\"rkit-accordion__icon\">\n                            <i aria-hidden=\"true\" class=\"icon_close rtmicon rtmicon-chevron-down\"><\/i>                            <i aria-hidden=\"true\" class=\"icon_open rtmicon rtmicon-chevron-up\"><\/i>                        <\/div>\n                    <\/div>\n                    <div class=\"rkit-accordion-content\">\n                        <div class=\"rkit-accordion__content\">\n                            <p>La instalaci\u00f3n generalmente se completa en uno o dos d\u00edas, dependiendo de la complejidad y el tama\u00f1o del sistema. Nos aseguramos de que el proceso sea r\u00e1pido y eficiente para que empieces a ahorrar de inmediato.<\/p>                        <\/div>\n                    <\/div>\n                <\/div>\n                            <div class=\"rkit-accordion-item \">\n                    <div class=\"rkit-accordion-header\">\n                        <h4 class=\"rkit-accordion__title\">\n                            \u00bfLos paneles solares funcionan en d\u00edas nublados o lluviosos?                        <\/h4>\n                        <div class=\"rkit-accordion__icon\">\n                            <i aria-hidden=\"true\" class=\"icon_close rtmicon rtmicon-chevron-down\"><\/i>                            <i aria-hidden=\"true\" class=\"icon_open rtmicon rtmicon-chevron-up\"><\/i>                        <\/div>\n                    <\/div>\n                    <div class=\"rkit-accordion-content\">\n                        <div class=\"rkit-accordion__content\">\n                            <p>La mayor\u00eda de los paneles solares tienen una vida \u00fatil de entre 25 y 30 a\u00f1os. Ofrecemos garant\u00eda para asegurar la inversi\u00f3n y la tranquilidad de nuestros clientes.<\/p>                        <\/div>\n                    <\/div>\n                <\/div>\n                            <div class=\"rkit-accordion-item \">\n                    <div class=\"rkit-accordion-header\">\n                        <h4 class=\"rkit-accordion__title\">\n                            \u00bfEs posible financiar la instalaci\u00f3n de los paneles solares?                        <\/h4>\n                        <div class=\"rkit-accordion__icon\">\n                            <i aria-hidden=\"true\" class=\"icon_close rtmicon rtmicon-chevron-down\"><\/i>                            <i aria-hidden=\"true\" class=\"icon_open rtmicon rtmicon-chevron-up\"><\/i>                        <\/div>\n                    <\/div>\n                    <div class=\"rkit-accordion-content\">\n                        <div class=\"rkit-accordion__content\">\n                            <p>S\u00ed, trabajamos con diversas opciones de financiamiento que permiten a nuestros clientes acceder a energ\u00eda solar de manera asequible y pagar en cuotas c\u00f3modas.<\/p>                        <\/div>\n                    <\/div>\n                <\/div>\n                    <\/div>\n\n\t\t<\/div>\n\t\t\t\t<\/div>\n\t\t\t\t<\/div>\n\t\t\t\t\t<\/div>\n\t\t\t\t<\/div>\n\t\t\t\t<\/div>\n\t\t","protected":false},"excerpt":{"rendered":"<p>Almacenamiento de Energ\u00eda Solar inicio &gt; Servicios Servicios Servicios de Paneles Solares Servicios de Cuidado de Turbinas Expertos en Energ\u00eda Hidroel\u00e9ctrica Almacenamiento de Energ\u00eda Solar Servicios de Cuidado de Paneles \u00bfTienes alguna pregunta? 556-907-9261 Ll\u00e1manos en cualquier momento WhatsApp Almacenamiento de Energ\u00eda Solar En Infosolarem, ofrecemos soluciones avanzadas en Almacenamiento de Energ\u00eda Solar que te [&hellip;]<\/p>\n","protected":false},"author":1,"featured_media":0,"parent":0,"menu_order":0,"comment_status":"closed","ping_status":"closed","template":"elementor_header_footer","meta":{"footnotes":""},"class_list":["post-343","page","type-page","status-publish","hentry"],"_links":{"self":[{"href":"https:\/\/infosolarem.com\/index.php?rest_route=\/wp\/v2\/pages\/343","targetHints":{"allow":["GET"]}}],"collection":[{"href":"https:\/\/infosolarem.com\/index.php?rest_route=\/wp\/v2\/pages"}],"about":[{"href":"https:\/\/infosolarem.com\/index.php?rest_route=\/wp\/v2\/types\/page"}],"author":[{"embeddable":true,"href":"https:\/\/infosolarem.com\/index.php?rest_route=\/wp\/v2\/users\/1"}],"replies":[{"embeddable":true,"href":"https:\/\/infosolarem.com\/index.php?rest_route=%2Fwp%2Fv2%2Fcomments&post=343"}],"version-history":[{"count":22,"href":"https:\/\/infosolarem.com\/index.php?rest_route=\/wp\/v2\/pages\/343\/revisions"}],"predecessor-version":[{"id":444,"href":"https:\/\/infosolarem.com\/index.php?rest_route=\/wp\/v2\/pages\/343\/revisions\/444"}],"wp:attachment":[{"href":"https:\/\/infosolarem.com\/index.php?rest_route=%2Fwp%2Fv2%2Fmedia&parent=343"}],"curies":[{"name":"wp","href":"https:\/\/api.w.org\/{rel}","templated":true}]}}