{"id":330,"date":"2024-11-08T00:44:07","date_gmt":"2024-11-08T00:44:07","guid":{"rendered":"https:\/\/infosolarem.com\/?page_id=330"},"modified":"2024-11-08T02:01:43","modified_gmt":"2024-11-08T02:01:43","slug":"servicios-de-cuidado-de-turbinas","status":"publish","type":"page","link":"https:\/\/infosolarem.com\/?page_id=330","title":{"rendered":"Servicios de Cuidado de Turbinas"},"content":{"rendered":"\t\t<div data-elementor-type=\"wp-page\" data-elementor-id=\"330\" class=\"elementor elementor-330\" data-elementor-post-type=\"page\">\n\t\t\t\t<div class=\"elementor-element elementor-element-129ef93e e-flex e-con-boxed e-con e-parent\" data-id=\"129ef93e\" data-element_type=\"container\" data-settings=\"{&quot;background_background&quot;:&quot;classic&quot;}\">\n\t\t\t\t\t<div class=\"e-con-inner\">\n\t\t<div class=\"elementor-element elementor-element-2d1ca23d e-flex e-con-boxed e-con e-child\" data-id=\"2d1ca23d\" data-element_type=\"container\">\n\t\t\t\t\t<div class=\"e-con-inner\">\n\t\t\t\t<div class=\"elementor-element elementor-element-2a09d3ef elementor-widget elementor-widget-heading\" data-id=\"2a09d3ef\" data-element_type=\"widget\" data-widget_type=\"heading.default\">\n\t\t\t\t<div class=\"elementor-widget-container\">\n\t\t\t<h1 class=\"elementor-heading-title elementor-size-default\">Servicios de Cuidado de Turbinas<\/h1>\t\t<\/div>\n\t\t\t\t<\/div>\n\t\t\t\t<div class=\"elementor-element elementor-element-93e8bd7 elementor-widget elementor-widget-text-editor\" data-id=\"93e8bd7\" data-element_type=\"widget\" data-widget_type=\"text-editor.default\">\n\t\t\t\t<div class=\"elementor-widget-container\">\n\t\t\t\t\t\t\t<p><a href=\"#\">inicio<\/a> &gt; Servicios<\/p>\t\t\t\t\t\t<\/div>\n\t\t\t\t<\/div>\n\t\t\t\t\t<\/div>\n\t\t\t\t<\/div>\n\t\t\t\t\t<\/div>\n\t\t\t\t<\/div>\n\t\t<div class=\"elementor-element elementor-element-c079734 e-flex e-con-boxed e-con e-parent\" data-id=\"c079734\" data-element_type=\"container\">\n\t\t\t\t\t<div class=\"e-con-inner\">\n\t\t<div class=\"elementor-element elementor-element-b8ce2fc e-con-full e-flex e-con e-child\" data-id=\"b8ce2fc\" data-element_type=\"container\">\n\t\t<div class=\"elementor-element elementor-element-9e4775c e-flex e-con-boxed e-con e-child\" data-id=\"9e4775c\" data-element_type=\"container\" data-settings=\"{&quot;background_background&quot;:&quot;classic&quot;}\">\n\t\t\t\t\t<div class=\"e-con-inner\">\n\t\t\t\t<div class=\"elementor-element elementor-element-1157e26 elementor-widget elementor-widget-heading\" data-id=\"1157e26\" data-element_type=\"widget\" data-widget_type=\"heading.default\">\n\t\t\t\t<div class=\"elementor-widget-container\">\n\t\t\t<h5 class=\"elementor-heading-title elementor-size-default\">Servicios<\/h5>\t\t<\/div>\n\t\t\t\t<\/div>\n\t\t\t\t<div class=\"elementor-element elementor-element-6d3959c elementor-align-justify elementor-widget elementor-widget-button\" data-id=\"6d3959c\" data-element_type=\"widget\" data-widget_type=\"button.default\">\n\t\t\t\t<div class=\"elementor-widget-container\">\n\t\t\t\t\t\t\t<div class=\"elementor-button-wrapper\">\n\t\t\t\t\t<a class=\"elementor-button elementor-button-link elementor-size-sm elementor-animation-grow\" href=\"https:\/\/infosolarem.com\/?page_id=150\">\n\t\t\t\t\t\t<span class=\"elementor-button-content-wrapper\">\n\t\t\t\t\t\t\t\t\t<span class=\"elementor-button-text\">Servicios de Paneles Solares<\/span>\n\t\t\t\t\t<\/span>\n\t\t\t\t\t<\/a>\n\t\t\t\t<\/div>\n\t\t\t\t\t\t<\/div>\n\t\t\t\t<\/div>\n\t\t\t\t<div class=\"elementor-element elementor-element-ade5ada elementor-align-justify elementor-widget elementor-widget-button\" data-id=\"ade5ada\" data-element_type=\"widget\" data-widget_type=\"button.default\">\n\t\t\t\t<div class=\"elementor-widget-container\">\n\t\t\t\t\t\t\t<div class=\"elementor-button-wrapper\">\n\t\t\t\t\t<a class=\"elementor-button elementor-button-link elementor-size-sm elementor-animation-grow\" href=\"https:\/\/infosolarem.com\/?page_id=330\">\n\t\t\t\t\t\t<span class=\"elementor-button-content-wrapper\">\n\t\t\t\t\t\t\t\t\t<span class=\"elementor-button-text\">Servicios de Cuidado de Turbinas<\/span>\n\t\t\t\t\t<\/span>\n\t\t\t\t\t<\/a>\n\t\t\t\t<\/div>\n\t\t\t\t\t\t<\/div>\n\t\t\t\t<\/div>\n\t\t\t\t<div class=\"elementor-element elementor-element-a27248c elementor-align-justify elementor-widget elementor-widget-button\" data-id=\"a27248c\" data-element_type=\"widget\" data-widget_type=\"button.default\">\n\t\t\t\t<div class=\"elementor-widget-container\">\n\t\t\t\t\t\t\t<div class=\"elementor-button-wrapper\">\n\t\t\t\t\t<a class=\"elementor-button elementor-button-link elementor-size-sm elementor-animation-grow\" href=\"https:\/\/infosolarem.com\/?page_id=338\">\n\t\t\t\t\t\t<span class=\"elementor-button-content-wrapper\">\n\t\t\t\t\t\t\t\t\t<span class=\"elementor-button-text\">Expertos en Energ\u00eda Hidroel\u00e9ctrica<\/span>\n\t\t\t\t\t<\/span>\n\t\t\t\t\t<\/a>\n\t\t\t\t<\/div>\n\t\t\t\t\t\t<\/div>\n\t\t\t\t<\/div>\n\t\t\t\t<div class=\"elementor-element elementor-element-0479be1 elementor-align-justify elementor-widget elementor-widget-button\" data-id=\"0479be1\" data-element_type=\"widget\" data-widget_type=\"button.default\">\n\t\t\t\t<div class=\"elementor-widget-container\">\n\t\t\t\t\t\t\t<div class=\"elementor-button-wrapper\">\n\t\t\t\t\t<a class=\"elementor-button elementor-button-link elementor-size-sm elementor-animation-grow\" href=\"https:\/\/infosolarem.com\/?page_id=343\">\n\t\t\t\t\t\t<span class=\"elementor-button-content-wrapper\">\n\t\t\t\t\t\t\t\t\t<span class=\"elementor-button-text\">Almacenamiento de Energ\u00eda Solar<\/span>\n\t\t\t\t\t<\/span>\n\t\t\t\t\t<\/a>\n\t\t\t\t<\/div>\n\t\t\t\t\t\t<\/div>\n\t\t\t\t<\/div>\n\t\t\t\t<div class=\"elementor-element elementor-element-5f08a7f elementor-align-justify elementor-widget elementor-widget-button\" data-id=\"5f08a7f\" data-element_type=\"widget\" data-widget_type=\"button.default\">\n\t\t\t\t<div class=\"elementor-widget-container\">\n\t\t\t\t\t\t\t<div class=\"elementor-button-wrapper\">\n\t\t\t\t\t<a class=\"elementor-button elementor-button-link elementor-size-sm elementor-animation-grow\" href=\"https:\/\/infosolarem.com\/?page_id=348\">\n\t\t\t\t\t\t<span class=\"elementor-button-content-wrapper\">\n\t\t\t\t\t\t\t\t\t<span class=\"elementor-button-text\">Servicios de Cuidado de Paneles<\/span>\n\t\t\t\t\t<\/span>\n\t\t\t\t\t<\/a>\n\t\t\t\t<\/div>\n\t\t\t\t\t\t<\/div>\n\t\t\t\t<\/div>\n\t\t\t\t\t<\/div>\n\t\t\t\t<\/div>\n\t\t<div class=\"elementor-element elementor-element-666ed7f e-flex e-con-boxed e-con e-child\" data-id=\"666ed7f\" data-element_type=\"container\" data-settings=\"{&quot;background_background&quot;:&quot;gradient&quot;}\">\n\t\t\t\t\t<div class=\"e-con-inner\">\n\t\t\t\t<div class=\"elementor-element elementor-element-14e74e2 elementor-widget elementor-widget-heading\" data-id=\"14e74e2\" data-element_type=\"widget\" data-widget_type=\"heading.default\">\n\t\t\t\t<div class=\"elementor-widget-container\">\n\t\t\t<h5 class=\"elementor-heading-title elementor-size-default\">\u00bfTienes alguna pregunta?<\/h5>\t\t<\/div>\n\t\t\t\t<\/div>\n\t\t\t\t<div class=\"elementor-element elementor-element-5842445 elementor-widget elementor-widget-heading\" data-id=\"5842445\" data-element_type=\"widget\" data-widget_type=\"heading.default\">\n\t\t\t\t<div class=\"elementor-widget-container\">\n\t\t\t<h2 class=\"elementor-heading-title elementor-size-default\">556-907-9261<\/h2>\t\t<\/div>\n\t\t\t\t<\/div>\n\t\t\t\t<div class=\"elementor-element elementor-element-1eb002a elementor-widget elementor-widget-heading\" data-id=\"1eb002a\" data-element_type=\"widget\" data-widget_type=\"heading.default\">\n\t\t\t\t<div class=\"elementor-widget-container\">\n\t\t\t<h3 class=\"elementor-heading-title elementor-size-default\">Ll\u00e1manos en cualquier momento<\/h3>\t\t<\/div>\n\t\t\t\t<\/div>\n\t\t\t\t<div class=\"elementor-element elementor-element-65e80c4 elementor-align-justify elementor-widget elementor-widget-button\" data-id=\"65e80c4\" data-element_type=\"widget\" data-widget_type=\"button.default\">\n\t\t\t\t<div class=\"elementor-widget-container\">\n\t\t\t\t\t\t\t<div class=\"elementor-button-wrapper\">\n\t\t\t\t\t<a class=\"elementor-button elementor-button-link elementor-size-sm elementor-animation-grow\" href=\"#\">\n\t\t\t\t\t\t<span class=\"elementor-button-content-wrapper\">\n\t\t\t\t\t\t\t\t\t<span class=\"elementor-button-text\">WhatsApp<\/span>\n\t\t\t\t\t<\/span>\n\t\t\t\t\t<\/a>\n\t\t\t\t<\/div>\n\t\t\t\t\t\t<\/div>\n\t\t\t\t<\/div>\n\t\t\t\t\t<\/div>\n\t\t\t\t<\/div>\n\t\t\t\t<\/div>\n\t\t<div class=\"elementor-element elementor-element-530ee05 e-con-full e-flex e-con e-child\" data-id=\"530ee05\" data-element_type=\"container\">\n\t\t\t\t<div class=\"elementor-element elementor-element-c8318df elementor-widget elementor-widget-image\" data-id=\"c8318df\" data-element_type=\"widget\" data-widget_type=\"image.default\">\n\t\t\t\t<div class=\"elementor-widget-container\">\n\t\t\t\t\t\t\t\t\t\t\t\t\t<img fetchpriority=\"high\" decoding=\"async\" width=\"1920\" height=\"1280\" src=\"https:\/\/infosolarem.com\/wp-content\/uploads\/2024\/11\/solar-panel-installer-installing-solar-panels-on-r-2023-11-27-04-58-14-utc.jpg\" class=\"attachment-full size-full wp-image-26\" alt=\"\" srcset=\"https:\/\/infosolarem.com\/wp-content\/uploads\/2024\/11\/solar-panel-installer-installing-solar-panels-on-r-2023-11-27-04-58-14-utc.jpg 1920w, https:\/\/infosolarem.com\/wp-content\/uploads\/2024\/11\/solar-panel-installer-installing-solar-panels-on-r-2023-11-27-04-58-14-utc-300x200.jpg 300w, https:\/\/infosolarem.com\/wp-content\/uploads\/2024\/11\/solar-panel-installer-installing-solar-panels-on-r-2023-11-27-04-58-14-utc-1024x683.jpg 1024w, https:\/\/infosolarem.com\/wp-content\/uploads\/2024\/11\/solar-panel-installer-installing-solar-panels-on-r-2023-11-27-04-58-14-utc-768x512.jpg 768w, https:\/\/infosolarem.com\/wp-content\/uploads\/2024\/11\/solar-panel-installer-installing-solar-panels-on-r-2023-11-27-04-58-14-utc-1536x1024.jpg 1536w\" sizes=\"(max-width: 1920px) 100vw, 1920px\" \/>\t\t\t\t\t\t\t\t\t\t\t\t\t<\/div>\n\t\t\t\t<\/div>\n\t\t\t\t<div class=\"elementor-element elementor-element-92e3f81 elementor-widget elementor-widget-heading\" data-id=\"92e3f81\" data-element_type=\"widget\" data-widget_type=\"heading.default\">\n\t\t\t\t<div class=\"elementor-widget-container\">\n\t\t\t<h2 class=\"elementor-heading-title elementor-size-default\">Servicios de Cuidado de Turbinas<\/h2>\t\t<\/div>\n\t\t\t\t<\/div>\n\t\t\t\t<div class=\"elementor-element elementor-element-b581edd elementor-widget elementor-widget-text-editor\" data-id=\"b581edd\" data-element_type=\"widget\" data-widget_type=\"text-editor.default\">\n\t\t\t\t<div class=\"elementor-widget-container\">\n\t\t\t\t\t\t\t<p>En <strong>Infosolarem<\/strong>, nuestros Servicios de Cuidado de Turbinas est\u00e1n dise\u00f1ados para maximizar la eficiencia y la vida \u00fatil de tus equipos. Sabemos que el rendimiento de una turbina depende de un mantenimiento adecuado y constante, por eso contamos con t\u00e9cnicos especializados y equipos de \u00faltima tecnolog\u00eda para realizar inspecciones, limpiezas y ajustes precisos. Nos enfocamos en detectar y solucionar problemas antes de que se conviertan en fallas, asegurando que tu inversi\u00f3n opere al m\u00e1ximo rendimiento. \u00a1Conf\u00eda en nosotros para mantener tus turbinas en \u00f3ptimas condiciones y asegurar una energ\u00eda ininterrumpida!<\/p>\t\t\t\t\t\t<\/div>\n\t\t\t\t<\/div>\n\t\t<div class=\"elementor-element elementor-element-4a8682d e-con-full e-flex e-con e-child\" data-id=\"4a8682d\" data-element_type=\"container\">\n\t\t<div class=\"elementor-element elementor-element-eba1542 e-con-full e-flex e-con e-child\" data-id=\"eba1542\" data-element_type=\"container\">\n\t\t\t\t<div class=\"elementor-element elementor-element-a064fa0 elementor-widget elementor-widget-image\" data-id=\"a064fa0\" data-element_type=\"widget\" data-widget_type=\"image.default\">\n\t\t\t\t<div class=\"elementor-widget-container\">\n\t\t\t\t\t\t\t\t\t\t\t\t\t<img decoding=\"async\" width=\"1920\" height=\"1280\" src=\"https:\/\/infosolarem.com\/wp-content\/uploads\/2024\/11\/professional-engineer-technician-with-safety-helme-2023-11-27-04-59-22-utc.jpg\" class=\"attachment-full size-full wp-image-86\" alt=\"\" srcset=\"https:\/\/infosolarem.com\/wp-content\/uploads\/2024\/11\/professional-engineer-technician-with-safety-helme-2023-11-27-04-59-22-utc.jpg 1920w, https:\/\/infosolarem.com\/wp-content\/uploads\/2024\/11\/professional-engineer-technician-with-safety-helme-2023-11-27-04-59-22-utc-300x200.jpg 300w, https:\/\/infosolarem.com\/wp-content\/uploads\/2024\/11\/professional-engineer-technician-with-safety-helme-2023-11-27-04-59-22-utc-1024x683.jpg 1024w, https:\/\/infosolarem.com\/wp-content\/uploads\/2024\/11\/professional-engineer-technician-with-safety-helme-2023-11-27-04-59-22-utc-768x512.jpg 768w, https:\/\/infosolarem.com\/wp-content\/uploads\/2024\/11\/professional-engineer-technician-with-safety-helme-2023-11-27-04-59-22-utc-1536x1024.jpg 1536w\" sizes=\"(max-width: 1920px) 100vw, 1920px\" \/>\t\t\t\t\t\t\t\t\t\t\t\t\t<\/div>\n\t\t\t\t<\/div>\n\t\t\t\t<\/div>\n\t\t<div class=\"elementor-element elementor-element-4ba0d40 e-con-full e-flex e-con e-child\" data-id=\"4ba0d40\" data-element_type=\"container\">\n\t\t\t\t<div class=\"elementor-element elementor-element-dfc75e6 elementor-widget elementor-widget-heading\" data-id=\"dfc75e6\" data-element_type=\"widget\" data-widget_type=\"heading.default\">\n\t\t\t\t<div class=\"elementor-widget-container\">\n\t\t\t<h4 class=\"elementor-heading-title elementor-size-default\">\u00bfPor qu\u00e9 elegirnos?<\/h4>\t\t<\/div>\n\t\t\t\t<\/div>\n\t\t\t\t<div class=\"elementor-element elementor-element-e28a6ae elementor-widget elementor-widget-text-editor\" data-id=\"e28a6ae\" data-element_type=\"widget\" data-widget_type=\"text-editor.default\">\n\t\t\t\t<div class=\"elementor-widget-container\">\n\t\t\t\t\t\t\t<p>ofrecemos mucho m\u00e1s que un servicio de instalaci\u00f3n de paneles solares: brindamos soluciones completas que aseguran un ahorro real y un impacto positivo en el medio ambiente.<\/p>\t\t\t\t\t\t<\/div>\n\t\t\t\t<\/div>\n\t\t\t\t<div class=\"elementor-element elementor-element-6ef80ea elementor-icon-list--layout-traditional elementor-list-item-link-full_width elementor-widget elementor-widget-icon-list\" data-id=\"6ef80ea\" data-element_type=\"widget\" data-widget_type=\"icon-list.default\">\n\t\t\t\t<div class=\"elementor-widget-container\">\n\t\t\t\t\t<ul class=\"elementor-icon-list-items\">\n\t\t\t\t\t\t\t<li class=\"elementor-icon-list-item\">\n\t\t\t\t\t\t\t\t\t\t\t<span class=\"elementor-icon-list-icon\">\n\t\t\t\t\t\t\t<svg aria-hidden=\"true\" class=\"e-font-icon-svg e-fas-check\" viewBox=\"0 0 512 512\" xmlns=\"http:\/\/www.w3.org\/2000\/svg\"><path d=\"M173.898 439.404l-166.4-166.4c-9.997-9.997-9.997-26.206 0-36.204l36.203-36.204c9.997-9.998 26.207-9.998 36.204 0L192 312.69 432.095 72.596c9.997-9.997 26.207-9.997 36.204 0l36.203 36.204c9.997 9.997 9.997 26.206 0 36.204l-294.4 294.401c-9.998 9.997-26.207 9.997-36.204-.001z\"><\/path><\/svg>\t\t\t\t\t\t<\/span>\n\t\t\t\t\t\t\t\t\t\t<span class=\"elementor-icon-list-text\">Soluciones completas y personalizadas<\/span>\n\t\t\t\t\t\t\t\t\t<\/li>\n\t\t\t\t\t\t\t\t<li class=\"elementor-icon-list-item\">\n\t\t\t\t\t\t\t\t\t\t\t<span class=\"elementor-icon-list-icon\">\n\t\t\t\t\t\t\t<svg aria-hidden=\"true\" class=\"e-font-icon-svg e-fas-check\" viewBox=\"0 0 512 512\" xmlns=\"http:\/\/www.w3.org\/2000\/svg\"><path d=\"M173.898 439.404l-166.4-166.4c-9.997-9.997-9.997-26.206 0-36.204l36.203-36.204c9.997-9.998 26.207-9.998 36.204 0L192 312.69 432.095 72.596c9.997-9.997 26.207-9.997 36.204 0l36.203 36.204c9.997 9.997 9.997 26.206 0 36.204l-294.4 294.401c-9.998 9.997-26.207 9.997-36.204-.001z\"><\/path><\/svg>\t\t\t\t\t\t<\/span>\n\t\t\t\t\t\t\t\t\t\t<span class=\"elementor-icon-list-text\">Equipo experto y comprometido<\/span>\n\t\t\t\t\t\t\t\t\t<\/li>\n\t\t\t\t\t\t\t\t<li class=\"elementor-icon-list-item\">\n\t\t\t\t\t\t\t\t\t\t\t<span class=\"elementor-icon-list-icon\">\n\t\t\t\t\t\t\t<svg aria-hidden=\"true\" class=\"e-font-icon-svg e-fas-check\" viewBox=\"0 0 512 512\" xmlns=\"http:\/\/www.w3.org\/2000\/svg\"><path d=\"M173.898 439.404l-166.4-166.4c-9.997-9.997-9.997-26.206 0-36.204l36.203-36.204c9.997-9.998 26.207-9.998 36.204 0L192 312.69 432.095 72.596c9.997-9.997 26.207-9.997 36.204 0l36.203 36.204c9.997 9.997 9.997 26.206 0 36.204l-294.4 294.401c-9.998 9.997-26.207 9.997-36.204-.001z\"><\/path><\/svg>\t\t\t\t\t\t<\/span>\n\t\t\t\t\t\t\t\t\t\t<span class=\"elementor-icon-list-text\">Tecnolog\u00eda de alta calidad<\/span>\n\t\t\t\t\t\t\t\t\t<\/li>\n\t\t\t\t\t\t\t\t<li class=\"elementor-icon-list-item\">\n\t\t\t\t\t\t\t\t\t\t\t<span class=\"elementor-icon-list-icon\">\n\t\t\t\t\t\t\t<svg aria-hidden=\"true\" class=\"e-font-icon-svg e-fas-check\" viewBox=\"0 0 512 512\" xmlns=\"http:\/\/www.w3.org\/2000\/svg\"><path d=\"M173.898 439.404l-166.4-166.4c-9.997-9.997-9.997-26.206 0-36.204l36.203-36.204c9.997-9.998 26.207-9.998 36.204 0L192 312.69 432.095 72.596c9.997-9.997 26.207-9.997 36.204 0l36.203 36.204c9.997 9.997 9.997 26.206 0 36.204l-294.4 294.401c-9.998 9.997-26.207 9.997-36.204-.001z\"><\/path><\/svg>\t\t\t\t\t\t<\/span>\n\t\t\t\t\t\t\t\t\t\t<span class=\"elementor-icon-list-text\">Ahorro real y cuidado del medio ambiente<\/span>\n\t\t\t\t\t\t\t\t\t<\/li>\n\t\t\t\t\t\t<\/ul>\n\t\t\t\t<\/div>\n\t\t\t\t<\/div>\n\t\t\t\t<\/div>\n\t\t\t\t<\/div>\n\t\t\t\t<div class=\"elementor-element elementor-element-4f0db78 elementor-widget elementor-widget-heading\" data-id=\"4f0db78\" data-element_type=\"widget\" data-widget_type=\"heading.default\">\n\t\t\t\t<div class=\"elementor-widget-container\">\n\t\t\t<h2 class=\"elementor-heading-title elementor-size-default\">Nuestras preguntas generales<\/h2>\t\t<\/div>\n\t\t\t\t<\/div>\n\t\t\t\t<div class=\"elementor-element elementor-element-04b69c4 elementor-widget elementor-widget-text-editor\" data-id=\"04b69c4\" data-element_type=\"widget\" data-widget_type=\"text-editor.default\">\n\t\t\t\t<div class=\"elementor-widget-container\">\n\t\t\t\t\t\t\t<p>Encuentra respuestas r\u00e1pidas a las dudas m\u00e1s comunes sobre nuestros servicios de energ\u00eda solar, instalaci\u00f3n y mantenimiento.<\/p>\t\t\t\t\t\t<\/div>\n\t\t\t\t<\/div>\n\t\t\t\t<div class=\"elementor-element elementor-element-ab75b9c elementor-widget elementor-widget-rkit-accordion\" data-id=\"ab75b9c\" data-element_type=\"widget\" data-widget_type=\"rkit-accordion.default\">\n\t\t\t\t<div class=\"elementor-widget-container\">\n\t\t\t\n        <div class=\"rkit-accordion\">\n                            <div class=\"rkit-accordion-item open\">\n                    <div class=\"rkit-accordion-header\">\n                        <h4 class=\"rkit-accordion__title\">\n                            \u00bfQu\u00e9 mantenimiento requieren los paneles solares?                        <\/h4>\n                        <div class=\"rkit-accordion__icon\">\n                            <i aria-hidden=\"true\" class=\"icon_close rtmicon rtmicon-chevron-down\"><\/i>                            <i aria-hidden=\"true\" class=\"icon_open rtmicon rtmicon-chevron-up\"><\/i>                        <\/div>\n                    <\/div>\n                    <div class=\"rkit-accordion-content\">\n                        <div class=\"rkit-accordion__content\">\n                            <p>Los paneles solares requieren poco mantenimiento. Recomendamos una limpieza de polvo y suciedad cada seis meses para asegurar el rendimiento \u00f3ptimo, y nuestro equipo ofrece soporte en caso de que necesites ayuda.<\/p>                        <\/div>\n                    <\/div>\n                <\/div>\n                            <div class=\"rkit-accordion-item \">\n                    <div class=\"rkit-accordion-header\">\n                        <h4 class=\"rkit-accordion__title\">\n                            \u00bfCu\u00e1nto puedo ahorrar en mi factura de luz con paneles solares?                        <\/h4>\n                        <div class=\"rkit-accordion__icon\">\n                            <i aria-hidden=\"true\" class=\"icon_close rtmicon rtmicon-chevron-down\"><\/i>                            <i aria-hidden=\"true\" class=\"icon_open rtmicon rtmicon-chevron-up\"><\/i>                        <\/div>\n                    <\/div>\n                    <div class=\"rkit-accordion-content\">\n                        <div class=\"rkit-accordion__content\">\n                            <p>El ahorro depende de varios factores, como el tama\u00f1o de tu sistema y el consumo energ\u00e9tico, pero en promedio, los clientes reportan una reducci\u00f3n de entre un 60% y un 70% en sus facturas de electricidad.<\/p>                        <\/div>\n                    <\/div>\n                <\/div>\n                            <div class=\"rkit-accordion-item \">\n                    <div class=\"rkit-accordion-header\">\n                        <h4 class=\"rkit-accordion__title\">\n                            \u00bfCu\u00e1nto tiempo toma la instalaci\u00f3n de un sistema de paneles solares?                        <\/h4>\n                        <div class=\"rkit-accordion__icon\">\n                            <i aria-hidden=\"true\" class=\"icon_close rtmicon rtmicon-chevron-down\"><\/i>                            <i aria-hidden=\"true\" class=\"icon_open rtmicon rtmicon-chevron-up\"><\/i>                        <\/div>\n                    <\/div>\n                    <div class=\"rkit-accordion-content\">\n                        <div class=\"rkit-accordion__content\">\n                            <p>La instalaci\u00f3n generalmente se completa en uno o dos d\u00edas, dependiendo de la complejidad y el tama\u00f1o del sistema. Nos aseguramos de que el proceso sea r\u00e1pido y eficiente para que empieces a ahorrar de inmediato.<\/p>                        <\/div>\n                    <\/div>\n                <\/div>\n                            <div class=\"rkit-accordion-item \">\n                    <div class=\"rkit-accordion-header\">\n                        <h4 class=\"rkit-accordion__title\">\n                            \u00bfLos paneles solares funcionan en d\u00edas nublados o lluviosos?                        <\/h4>\n                        <div class=\"rkit-accordion__icon\">\n                            <i aria-hidden=\"true\" class=\"icon_close rtmicon rtmicon-chevron-down\"><\/i>                            <i aria-hidden=\"true\" class=\"icon_open rtmicon rtmicon-chevron-up\"><\/i>                        <\/div>\n                    <\/div>\n                    <div class=\"rkit-accordion-content\">\n                        <div class=\"rkit-accordion__content\">\n                            <p>La mayor\u00eda de los paneles solares tienen una vida \u00fatil de entre 25 y 30 a\u00f1os. Ofrecemos garant\u00eda para asegurar la inversi\u00f3n y la tranquilidad de nuestros clientes.<\/p>                        <\/div>\n                    <\/div>\n                <\/div>\n                            <div class=\"rkit-accordion-item \">\n                    <div class=\"rkit-accordion-header\">\n                        <h4 class=\"rkit-accordion__title\">\n                            \u00bfEs posible financiar la instalaci\u00f3n de los paneles solares?                        <\/h4>\n                        <div class=\"rkit-accordion__icon\">\n                            <i aria-hidden=\"true\" class=\"icon_close rtmicon rtmicon-chevron-down\"><\/i>                            <i aria-hidden=\"true\" class=\"icon_open rtmicon rtmicon-chevron-up\"><\/i>                        <\/div>\n                    <\/div>\n                    <div class=\"rkit-accordion-content\">\n                        <div class=\"rkit-accordion__content\">\n                            <p>S\u00ed, trabajamos con diversas opciones de financiamiento que permiten a nuestros clientes acceder a energ\u00eda solar de manera asequible y pagar en cuotas c\u00f3modas.<\/p>                        <\/div>\n                    <\/div>\n                <\/div>\n                    <\/div>\n\n\t\t<\/div>\n\t\t\t\t<\/div>\n\t\t\t\t<\/div>\n\t\t\t\t\t<\/div>\n\t\t\t\t<\/div>\n\t\t\t\t<\/div>\n\t\t","protected":false},"excerpt":{"rendered":"<p>Servicios de Cuidado de Turbinas inicio &gt; Servicios Servicios Servicios de Paneles Solares Servicios de Cuidado de Turbinas Expertos en Energ\u00eda Hidroel\u00e9ctrica Almacenamiento de Energ\u00eda Solar Servicios de Cuidado de Paneles \u00bfTienes alguna pregunta? 556-907-9261 Ll\u00e1manos en cualquier momento WhatsApp Servicios de Cuidado de Turbinas En Infosolarem, nuestros Servicios de Cuidado de Turbinas est\u00e1n dise\u00f1ados [&hellip;]<\/p>\n","protected":false},"author":1,"featured_media":0,"parent":0,"menu_order":0,"comment_status":"closed","ping_status":"closed","template":"","meta":{"footnotes":""},"class_list":["post-330","page","type-page","status-publish","hentry"],"_links":{"self":[{"href":"https:\/\/infosolarem.com\/index.php?rest_route=\/wp\/v2\/pages\/330","targetHints":{"allow":["GET"]}}],"collection":[{"href":"https:\/\/infosolarem.com\/index.php?rest_route=\/wp\/v2\/pages"}],"about":[{"href":"https:\/\/infosolarem.com\/index.php?rest_route=\/wp\/v2\/types\/page"}],"author":[{"embeddable":true,"href":"https:\/\/infosolarem.com\/index.php?rest_route=\/wp\/v2\/users\/1"}],"replies":[{"embeddable":true,"href":"https:\/\/infosolarem.com\/index.php?rest_route=%2Fwp%2Fv2%2Fcomments&post=330"}],"version-history":[{"count":16,"href":"https:\/\/infosolarem.com\/index.php?rest_route=\/wp\/v2\/pages\/330\/revisions"}],"predecessor-version":[{"id":453,"href":"https:\/\/infosolarem.com\/index.php?rest_route=\/wp\/v2\/pages\/330\/revisions\/453"}],"wp:attachment":[{"href":"https:\/\/infosolarem.com\/index.php?rest_route=%2Fwp%2Fv2%2Fmedia&parent=330"}],"curies":[{"name":"wp","href":"https:\/\/api.w.org\/{rel}","templated":true}]}}